{"id":7,"date":"2023-12-18T00:35:57","date_gmt":"2023-12-18T00:35:57","guid":{"rendered":"https:\/\/ezyy.ca\/?page_id=7"},"modified":"2025-07-07T13:23:55","modified_gmt":"2025-07-07T17:23:55","slug":"home","status":"publish","type":"page","link":"https:\/\/ezyy.ca\/fr\/","title":{"rendered":"Accueil"},"content":{"rendered":"<div data-elementor-type=\"wp-page\" data-elementor-id=\"7\" class=\"elementor elementor-7\" data-elementor-post-type=\"page\">\n\t\t\t\t<div class=\"elementor-element elementor-element-4d0ad44 e-flex e-con-boxed e-con e-parent\" data-id=\"4d0ad44\" data-element_type=\"container\" data-settings=\"{&quot;background_background&quot;:&quot;classic&quot;}\">\n\t\t\t\t\t<div class=\"e-con-inner\">\n\t\t<div class=\"elementor-element elementor-element-79a8619 e-con-full e-flex e-con e-child\" data-id=\"79a8619\" data-element_type=\"container\">\n\t\t\t\t<div class=\"elementor-element elementor-element-e52894a elementor-widget elementor-widget-heading\" data-id=\"e52894a\" data-element_type=\"widget\" data-widget_type=\"heading.default\">\n\t\t\t\t<div class=\"elementor-widget-container\">\n\t\t\t\t\t<h5 class=\"elementor-heading-title elementor-size-default\">Suivez-nous pendant que nous lan\u00e7ons de nouvelles fonctionnalit\u00e9s chaque semaine<\/h5>\t\t\t\t<\/div>\n\t\t\t\t<\/div>\n\t\t\t\t<\/div>\n\t\t<div class=\"elementor-element elementor-element-e1200da e-con-full e-flex e-con e-child\" data-id=\"e1200da\" data-element_type=\"container\">\n\t\t\t\t<div class=\"elementor-element elementor-element-5f954d4 elementor-align-center elementor-widget elementor-widget-button\" data-id=\"5f954d4\" data-element_type=\"widget\" data-widget_type=\"button.default\">\n\t\t\t\t<div class=\"elementor-widget-container\">\n\t\t\t\t\t\t\t\t\t<div class=\"elementor-button-wrapper\">\n\t\t\t\t\t<a class=\"elementor-button elementor-button-link elementor-size-sm\" href=\"https:\/\/www.facebook.com\/EzyyShop\" target=\"_blank\">\n\t\t\t\t\t\t<span class=\"elementor-button-content-wrapper\">\n\t\t\t\t\t\t\t\t\t<span class=\"elementor-button-text\">RESTEZ AU COURANT<\/span>\n\t\t\t\t\t<\/span>\n\t\t\t\t\t<\/a>\n\t\t\t\t<\/div>\n\t\t\t\t\t\t\t\t<\/div>\n\t\t\t\t<\/div>\n\t\t\t\t<\/div>\n\t\t\t\t\t<\/div>\n\t\t\t\t<\/div>\n\t\t<main class=\"elementor-element elementor-element-1f59637 e-flex e-con-boxed e-con e-parent\" data-id=\"1f59637\" data-element_type=\"container\" data-settings=\"{&quot;background_background&quot;:&quot;classic&quot;}\">\n\t\t\t\t\t<div class=\"e-con-inner\">\n\t\t<div class=\"elementor-element elementor-element-7b52be8 e-flex e-con-boxed e-con e-child\" data-id=\"7b52be8\" data-element_type=\"container\">\n\t\t\t\t\t<div class=\"e-con-inner\">\n\t\t<div class=\"elementor-element elementor-element-6c020a3 e-con-full e-flex e-con e-child\" data-id=\"6c020a3\" data-element_type=\"container\">\n\t\t\t\t<div class=\"elementor-element elementor-element-bc3ea58 elementor-invisible elementor-widget elementor-widget-heading\" data-id=\"bc3ea58\" data-element_type=\"widget\" data-settings=\"{&quot;_animation&quot;:&quot;fadeInDown&quot;}\" data-widget_type=\"heading.default\">\n\t\t\t\t<div class=\"elementor-widget-container\">\n\t\t\t\t\t<h1 class=\"elementor-heading-title elementor-size-default\">Transformez votre e-commerce gratuit en une aventure<\/h1>\t\t\t\t<\/div>\n\t\t\t\t<\/div>\n\t\t\t\t<div class=\"elementor-element elementor-element-36ce550 elementor-invisible elementor-widget elementor-widget-heading\" data-id=\"36ce550\" data-element_type=\"widget\" data-settings=\"{&quot;_animation&quot;:&quot;fadeInLeft&quot;}\" data-widget_type=\"heading.default\">\n\t\t\t\t<div class=\"elementor-widget-container\">\n\t\t\t\t\t<h3 class=\"elementor-heading-title elementor-size-default\">\u00c7a ne pourrait pas \u00eatre plus simple : c&#039;est Ezyy !<\/h3>\t\t\t\t<\/div>\n\t\t\t\t<\/div>\n\t\t\t\t<div class=\"elementor-element elementor-element-7e11f54 elementor-widget__width-initial elementor-widget-tablet__width-initial elementor-widget-mobile__width-initial elementor-invisible elementor-widget elementor-widget-text-editor\" data-id=\"7e11f54\" data-element_type=\"widget\" data-settings=\"{&quot;_animation&quot;:&quot;fadeIn&quot;,&quot;_animation_delay&quot;:800}\" data-widget_type=\"text-editor.default\">\n\t\t\t\t<div class=\"elementor-widget-container\">\n\t\t\t\t\t\t\t\t\t<p>Une application Web et mobile gratuite pour vous aider \u00e0 g\u00e9rer facilement votre boutique en ligne.<\/p>\t\t\t\t\t\t\t\t<\/div>\n\t\t\t\t<\/div>\n\t\t\t\t<\/div>\n\t\t<div class=\"elementor-element elementor-element-7a40036 e-con-full elementor-hidden-mobile e-flex e-con e-child\" data-id=\"7a40036\" data-element_type=\"container\">\n\t\t\t\t<div class=\"elementor-element elementor-element-8c47ecf elementor-invisible elementor-widget elementor-widget-image\" data-id=\"8c47ecf\" data-element_type=\"widget\" data-settings=\"{&quot;_animation&quot;:&quot;fadeInUp&quot;,&quot;_animation_delay&quot;:1500}\" data-widget_type=\"image.default\">\n\t\t\t\t<div class=\"elementor-widget-container\">\n\t\t\t\t\t\t\t\t\t\t\t\t\t\t\t<img fetchpriority=\"high\" decoding=\"async\" width=\"974\" height=\"1024\" src=\"https:\/\/ezyy.ca\/wp-content\/uploads\/2025\/05\/ezyy-free-ecommerce-app.webp\" class=\"attachment-large size-large wp-image-378\" alt=\"ezyy-free-ecommerce-app\" \/>\t\t\t\t\t\t\t\t\t\t\t\t\t\t\t<\/div>\n\t\t\t\t<\/div>\n\t\t\t\t<\/div>\n\t\t\t\t\t<\/div>\n\t\t\t\t<\/div>\n\t\t\t\t\t<\/div>\n\t\t\t\t<\/main>\n\t\t<div class=\"elementor-element elementor-element-2377454 e-flex e-con-boxed e-con e-parent\" data-id=\"2377454\" data-element_type=\"container\">\n\t\t\t\t\t<div class=\"e-con-inner\">\n\t\t<div class=\"elementor-element elementor-element-57efc05 e-con-full e-flex e-con e-child\" data-id=\"57efc05\" data-element_type=\"container\">\n\t\t\t\t<div class=\"elementor-element elementor-element-3df3072 elementor-widget elementor-widget-image\" data-id=\"3df3072\" data-element_type=\"widget\" data-widget_type=\"image.default\">\n\t\t\t\t<div class=\"elementor-widget-container\">\n\t\t\t\t\t\t\t\t\t\t\t\t\t\t\t<img decoding=\"async\" width=\"1024\" height=\"683\" src=\"https:\/\/ezyy.ca\/wp-content\/uploads\/2025\/06\/ezyy-free-online-ecommerce.webp\" class=\"attachment-large size-large wp-image-442\" alt=\"ezyy-free-online-ecommerce\" \/>\t\t\t\t\t\t\t\t\t\t\t\t\t\t\t<\/div>\n\t\t\t\t<\/div>\n\t\t\t\t<\/div>\n\t\t<div class=\"elementor-element elementor-element-18fe02d e-con-full e-flex e-con e-child\" data-id=\"18fe02d\" data-element_type=\"container\">\n\t\t<div class=\"elementor-element elementor-element-cb8beb0 e-con-full e-flex e-con e-child\" data-id=\"cb8beb0\" data-element_type=\"container\">\n\t\t\t\t<div class=\"elementor-element elementor-element-fae8e29 elementor-widget elementor-widget-heading\" data-id=\"fae8e29\" data-element_type=\"widget\" data-widget_type=\"heading.default\">\n\t\t\t\t<div class=\"elementor-widget-container\">\n\t\t\t\t\t<h2 class=\"elementor-heading-title elementor-size-default\">Qu&#039;est-ce qu&#039;Ezyy ?<\/h2>\t\t\t\t<\/div>\n\t\t\t\t<\/div>\n\t\t\t\t<\/div>\n\t\t<div class=\"elementor-element elementor-element-bf6dd8d e-con-full e-flex e-con e-child\" data-id=\"bf6dd8d\" data-element_type=\"container\">\n\t\t\t\t<div class=\"elementor-element elementor-element-5904eb6 elementor-widget elementor-widget-text-editor\" data-id=\"5904eb6\" data-element_type=\"widget\" data-widget_type=\"text-editor.default\">\n\t\t\t\t<div class=\"elementor-widget-container\">\n\t\t\t\t\t\t\t\t\t<p><strong data-start=\"187\" data-end=\"195\">Ezyy<\/strong> est une plateforme puissante et conviviale qui vous permet <strong data-start=\"248\" data-end=\"286\">cr\u00e9ez et g\u00e9rez votre boutique en ligne<\/strong>\u2014 sans frais mensuels ni configuration complexe. Que vous lanciez une nouvelle entreprise ou cherchiez \u00e0 d\u00e9velopper votre marque en ligne, Ezyy vous offre tous les outils dont vous avez besoin en un seul endroit.<\/p>\t\t\t\t\t\t\t\t<\/div>\n\t\t\t\t<\/div>\n\t\t\t\t<\/div>\n\t\t\t\t<\/div>\n\t\t\t\t\t<\/div>\n\t\t\t\t<\/div>\n\t\t<div class=\"elementor-element elementor-element-646d876 e-flex e-con-boxed e-con e-parent\" data-id=\"646d876\" data-element_type=\"container\" data-settings=\"{&quot;background_background&quot;:&quot;classic&quot;}\">\n\t\t\t\t\t<div class=\"e-con-inner\">\n\t\t<div class=\"elementor-element elementor-element-cc50003 e-grid e-con-full e-con e-child\" data-id=\"cc50003\" data-element_type=\"container\">\n\t\t\t\t<div class=\"elementor-element elementor-element-00e3086 elementor-position-top elementor-widget elementor-widget-image-box\" data-id=\"00e3086\" data-element_type=\"widget\" data-widget_type=\"image-box.default\">\n\t\t\t\t<div class=\"elementor-widget-container\">\n\t\t\t\t\t<div class=\"elementor-image-box-wrapper\"><figure class=\"elementor-image-box-img\"><img decoding=\"async\" width=\"1024\" height=\"1024\" src=\"https:\/\/ezyy.ca\/wp-content\/uploads\/2025\/06\/ezyy-method.webp\" class=\"attachment-full size-full wp-image-444\" alt=\"\" \/><\/figure><div class=\"elementor-image-box-content\"><h3 class=\"elementor-image-box-title\">M\u00e9thode Ezyy<\/h3><p class=\"elementor-image-box-description\">Vendez des produits en ligne, g\u00e9rez les commandes et suivez les stocks<\/p><\/div><\/div>\t\t\t\t<\/div>\n\t\t\t\t<\/div>\n\t\t\t\t<div class=\"elementor-element elementor-element-6032582 elementor-position-top elementor-widget elementor-widget-image-box\" data-id=\"6032582\" data-element_type=\"widget\" data-widget_type=\"image-box.default\">\n\t\t\t\t<div class=\"elementor-widget-container\">\n\t\t\t\t\t<div class=\"elementor-image-box-wrapper\"><figure class=\"elementor-image-box-img\"><img loading=\"lazy\" decoding=\"async\" width=\"1024\" height=\"1024\" src=\"https:\/\/ezyy.ca\/wp-content\/uploads\/2025\/06\/secure-payments.webp\" class=\"attachment-full size-full wp-image-445\" alt=\"\" \/><\/figure><div class=\"elementor-image-box-content\"><h3 class=\"elementor-image-box-title\">Paiements s\u00e9curis\u00e9s<\/h3><p class=\"elementor-image-box-description\">Acceptez les paiements s\u00e9curis\u00e9s et proposez des options d&#039;exp\u00e9dition personnalis\u00e9es<\/p><\/div><\/div>\t\t\t\t<\/div>\n\t\t\t\t<\/div>\n\t\t\t\t<div class=\"elementor-element elementor-element-d08083e elementor-position-top elementor-widget elementor-widget-image-box\" data-id=\"d08083e\" data-element_type=\"widget\" data-widget_type=\"image-box.default\">\n\t\t\t\t<div class=\"elementor-widget-container\">\n\t\t\t\t\t<div class=\"elementor-image-box-wrapper\"><figure class=\"elementor-image-box-img\"><img loading=\"lazy\" decoding=\"async\" width=\"1024\" height=\"1024\" src=\"https:\/\/ezyy.ca\/wp-content\/uploads\/2025\/06\/simple-dashboard.webp\" class=\"attachment-full size-full wp-image-446\" alt=\"\" \/><\/figure><div class=\"elementor-image-box-content\"><h3 class=\"elementor-image-box-title\">Tableau de bord simple<\/h3><p class=\"elementor-image-box-description\">Un seul tableau de bord. Vendez vos produits en ligne, g\u00e9rez vos commandes et suivez vos stocks.<\/p><\/div><\/div>\t\t\t\t<\/div>\n\t\t\t\t<\/div>\n\t\t\t\t<\/div>\n\t\t\t\t\t<\/div>\n\t\t\t\t<\/div>\n\t\t<div class=\"elementor-element elementor-element-1f74336 e-flex e-con-boxed e-con e-parent\" data-id=\"1f74336\" data-element_type=\"container\">\n\t\t\t\t\t<div class=\"e-con-inner\">\n\t\t<div class=\"elementor-element elementor-element-c795288 e-con-full e-flex e-con e-child\" data-id=\"c795288\" data-element_type=\"container\">\n\t\t\t\t<div class=\"elementor-element elementor-element-d047122 elementor-widget elementor-widget-image\" data-id=\"d047122\" data-element_type=\"widget\" data-widget_type=\"image.default\">\n\t\t\t\t<div class=\"elementor-widget-container\">\n\t\t\t\t\t\t\t\t\t\t\t\t\t\t\t<img loading=\"lazy\" decoding=\"async\" width=\"1024\" height=\"683\" src=\"https:\/\/ezyy.ca\/wp-content\/uploads\/2025\/06\/no-monthly-fees.webp\" class=\"attachment-large size-large wp-image-443\" alt=\"no-monthly-fees\" \/>\t\t\t\t\t\t\t\t\t\t\t\t\t\t\t<\/div>\n\t\t\t\t<\/div>\n\t\t\t\t<\/div>\n\t\t<div class=\"elementor-element elementor-element-987ea08 e-con-full e-flex e-con e-child\" data-id=\"987ea08\" data-element_type=\"container\">\n\t\t<div class=\"elementor-element elementor-element-98750d8 e-con-full e-flex e-con e-child\" data-id=\"98750d8\" data-element_type=\"container\">\n\t\t\t\t<div class=\"elementor-element elementor-element-4b81ba9 elementor-widget elementor-widget-heading\" data-id=\"4b81ba9\" data-element_type=\"widget\" data-widget_type=\"heading.default\">\n\t\t\t\t<div class=\"elementor-widget-container\">\n\t\t\t\t\t<h2 class=\"elementor-heading-title elementor-size-default\">Pourquoi choisir Ezyy ?<\/h2>\t\t\t\t<\/div>\n\t\t\t\t<\/div>\n\t\t\t\t<\/div>\n\t\t<div class=\"elementor-element elementor-element-e37f686 e-con-full e-flex e-con e-child\" data-id=\"e37f686\" data-element_type=\"container\">\n\t\t\t\t<div class=\"elementor-element elementor-element-d06e26f elementor-widget elementor-widget-text-editor\" data-id=\"d06e26f\" data-element_type=\"widget\" data-widget_type=\"text-editor.default\">\n\t\t\t\t<div class=\"elementor-widget-container\">\n\t\t\t\t\t\t\t\t\t<p>Contrairement \u00e0 d&#039;autres plateformes, Ezyy est con\u00e7ue pour la simplicit\u00e9 et la flexibilit\u00e9. Pas besoin d&#039;\u00eatre d\u00e9veloppeur ou designer\u00a0: il suffit de choisir un mod\u00e8le, d&#039;ajouter vos produits et de lancer votre application.<\/p>\t\t\t\t\t\t\t\t<\/div>\n\t\t\t\t<\/div>\n\t\t\t\t<div class=\"elementor-element elementor-element-b140bdd elementor-align-left elementor-icon-list--layout-traditional elementor-list-item-link-full_width elementor-widget elementor-widget-icon-list\" data-id=\"b140bdd\" data-element_type=\"widget\" data-widget_type=\"icon-list.default\">\n\t\t\t\t<div class=\"elementor-widget-container\">\n\t\t\t\t\t\t\t<ul class=\"elementor-icon-list-items\">\n\t\t\t\t\t\t\t<li class=\"elementor-icon-list-item\">\n\t\t\t\t\t\t\t\t\t\t\t<span class=\"elementor-icon-list-icon\">\n\t\t\t\t\t\t\t<svg aria-hidden=\"true\" class=\"e-font-icon-svg e-fas-wrench\" viewbox=\"0 0 512 512\" xmlns=\"http:\/\/www.w3.org\/2000\/svg\"><path d=\"M507.73 109.1c-2.24-9.03-13.54-12.09-20.12-5.51l-74.36 74.36-67.88-11.31-11.31-67.88 74.36-74.36c6.62-6.62 3.43-17.9-5.66-20.16-47.38-11.74-99.55.91-136.58 37.93-39.64 39.64-50.55 97.1-34.05 147.2L18.74 402.76c-24.99 24.99-24.99 65.51 0 90.5 24.99 24.99 65.51 24.99 90.5 0l213.21-213.21c50.12 16.71 107.47 5.68 147.37-34.22 37.07-37.07 49.7-89.32 37.91-136.73zM64 472c-13.25 0-24-10.75-24-24 0-13.26 10.75-24 24-24s24 10.74 24 24c0 13.25-10.75 24-24 24z\"><\/path><\/svg>\t\t\t\t\t\t<\/span>\n\t\t\t\t\t\t\t\t\t\t<span class=\"elementor-icon-list-text\"> Aucun codage requis<\/span>\n\t\t\t\t\t\t\t\t\t<\/li>\n\t\t\t\t\t\t\t\t<li class=\"elementor-icon-list-item\">\n\t\t\t\t\t\t\t\t\t\t\t<span class=\"elementor-icon-list-icon\">\n\t\t\t\t\t\t\t<svg aria-hidden=\"true\" class=\"e-font-icon-svg e-fas-money-check-alt\" viewbox=\"0 0 640 512\" xmlns=\"http:\/\/www.w3.org\/2000\/svg\"><path d=\"M608 32H32C14.33 32 0 46.33 0 64v384c0 17.67 14.33 32 32 32h576c17.67 0 32-14.33 32-32V64c0-17.67-14.33-32-32-32zM176 327.88V344c0 4.42-3.58 8-8 8h-16c-4.42 0-8-3.58-8-8v-16.29c-11.29-.58-22.27-4.52-31.37-11.35-3.9-2.93-4.1-8.77-.57-12.14l11.75-11.21c2.77-2.64 6.89-2.76 10.13-.73 3.87 2.42 8.26 3.72 12.82 3.72h28.11c6.5 0 11.8-5.92 11.8-13.19 0-5.95-3.61-11.19-8.77-12.73l-45-13.5c-18.59-5.58-31.58-23.42-31.58-43.39 0-24.52 19.05-44.44 42.67-45.07V152c0-4.42 3.58-8 8-8h16c4.42 0 8 3.58 8 8v16.29c11.29.58 22.27 4.51 31.37 11.35 3.9 2.93 4.1 8.77.57 12.14l-11.75 11.21c-2.77 2.64-6.89 2.76-10.13.73-3.87-2.43-8.26-3.72-12.82-3.72h-28.11c-6.5 0-11.8 5.92-11.8 13.19 0 5.95 3.61 11.19 8.77 12.73l45 13.5c18.59 5.58 31.58 23.42 31.58 43.39 0 24.53-19.05 44.44-42.67 45.07zM416 312c0 4.42-3.58 8-8 8H296c-4.42 0-8-3.58-8-8v-16c0-4.42 3.58-8 8-8h112c4.42 0 8 3.58 8 8v16zm160 0c0 4.42-3.58 8-8 8h-80c-4.42 0-8-3.58-8-8v-16c0-4.42 3.58-8 8-8h80c4.42 0 8 3.58 8 8v16zm0-96c0 4.42-3.58 8-8 8H296c-4.42 0-8-3.58-8-8v-16c0-4.42 3.58-8 8-8h272c4.42 0 8 3.58 8 8v16z\"><\/path><\/svg>\t\t\t\t\t\t<\/span>\n\t\t\t\t\t\t\t\t\t\t<span class=\"elementor-icon-list-text\">Pas d&#039;abonnement mensuel<\/span>\n\t\t\t\t\t\t\t\t\t<\/li>\n\t\t\t\t\t\t\t\t<li class=\"elementor-icon-list-item\">\n\t\t\t\t\t\t\t\t\t\t\t<span class=\"elementor-icon-list-icon\">\n\t\t\t\t\t\t\t<svg aria-hidden=\"true\" class=\"e-font-icon-svg e-fas-mobile-alt\" viewbox=\"0 0 320 512\" xmlns=\"http:\/\/www.w3.org\/2000\/svg\"><path d=\"M272 0H48C21.5 0 0 21.5 0 48v416c0 26.5 21.5 48 48 48h224c26.5 0 48-21.5 48-48V48c0-26.5-21.5-48-48-48zM160 480c-17.7 0-32-14.3-32-32s14.3-32 32-32 32 14.3 32 32-14.3 32-32 32zm112-108c0 6.6-5.4 12-12 12H60c-6.6 0-12-5.4-12-12V60c0-6.6 5.4-12 12-12h200c6.6 0 12 5.4 12 12v312z\"><\/path><\/svg>\t\t\t\t\t\t<\/span>\n\t\t\t\t\t\t\t\t\t\t<span class=\"elementor-icon-list-text\">Adapt\u00e9 aux appareils mobiles et compatible avec le r\u00e9f\u00e9rencement<\/span>\n\t\t\t\t\t\t\t\t\t<\/li>\n\t\t\t\t\t\t<\/ul>\n\t\t\t\t\t\t<\/div>\n\t\t\t\t<\/div>\n\t\t\t\t<div class=\"elementor-element elementor-element-d8fcf27 elementor-widget elementor-widget-text-editor\" data-id=\"d8fcf27\" data-element_type=\"widget\" data-widget_type=\"text-editor.default\">\n\t\t\t\t<div class=\"elementor-widget-container\">\n\t\t\t\t\t\t\t\t\t<p>Que vous vendiez des produits physiques, des t\u00e9l\u00e9chargements num\u00e9riques ou des services,<strong data-start=\"1235\" data-end=\"1292\">Ezyy rend le commerce \u00e9lectronique simple, abordable et \u00e9volutif<\/strong>.<\/p>\t\t\t\t\t\t\t\t<\/div>\n\t\t\t\t<\/div>\n\t\t\t\t<\/div>\n\t\t\t\t<\/div>\n\t\t\t\t\t<\/div>\n\t\t\t\t<\/div>\n\t\t\t\t<\/div>","protected":false},"excerpt":{"rendered":"<p>Suivez-nous pour le lancement de nouvelles fonctionnalit\u00e9s chaque semaine. RESTEZ INFORM\u00c9. Transformez votre e-commerce gratuit en une aventure. Rien de plus simple\u00a0: c&#039;est Ezyy\u00a0! Une application web et mobile gratuite pour g\u00e9rer facilement votre boutique en ligne. Qu&#039;est-ce qu&#039;Ezyy\u00a0? Ezyy est une plateforme puissante et intuitive qui vous permet de cr\u00e9er [\u2026]<\/p>","protected":false},"author":1,"featured_media":0,"parent":0,"menu_order":0,"comment_status":"closed","ping_status":"closed","template":"elementor_theme","meta":{"footnotes":""},"class_list":["post-7","page","type-page","status-publish","hentry"],"blocksy_meta":[],"yoast_head":"<!-- This site is optimized with the Yoast SEO plugin v26.5 - https:\/\/yoast.com\/wordpress\/plugins\/seo\/ -->\n<title>Ezyy - Free eCommerce - eCommerce Gratuit<\/title>\n<meta name=\"description\" content=\"A free ecommerce solution to manage your online store. Une solution gratuite pour g\u00e9rer votre commerce en ligne.\" \/>\n<meta name=\"robots\" content=\"index, follow, max-snippet:-1, max-image-preview:large, max-video-preview:-1\" \/>\n<link rel=\"canonical\" href=\"https:\/\/ezyy.ca\/fr\/\" \/>\n<meta property=\"og:locale\" content=\"fr_CA\" \/>\n<meta property=\"og:type\" content=\"article\" \/>\n<meta property=\"og:title\" content=\"Ezyy - Free eCommerce - eCommerce Gratuit\" \/>\n<meta property=\"og:description\" content=\"A free ecommerce solution to manage your online store. Une solution gratuite pour g\u00e9rer votre commerce en ligne.\" \/>\n<meta property=\"og:url\" content=\"https:\/\/ezyy.ca\/fr\/\" \/>\n<meta property=\"og:site_name\" content=\"Free eCommerce - eCommerce Gratuit\" \/>\n<meta property=\"article:modified_time\" content=\"2025-07-07T17:23:55+00:00\" \/>\n<meta property=\"og:image\" content=\"https:\/\/ezyy.ca\/wp-content\/uploads\/2025\/05\/ezyy-free-ecommerce-app.webp\" \/>\n\t<meta property=\"og:image:width\" content=\"1178\" \/>\n\t<meta property=\"og:image:height\" content=\"1238\" \/>\n\t<meta property=\"og:image:type\" content=\"image\/webp\" \/>\n<meta name=\"twitter:card\" content=\"summary_large_image\" \/>\n<meta name=\"twitter:label1\" content=\"Estimation du temps de lecture\" \/>\n\t<meta name=\"twitter:data1\" content=\"2 minutes\" \/>\n<script type=\"application\/ld+json\" class=\"yoast-schema-graph\">{\"@context\":\"https:\/\/schema.org\",\"@graph\":[{\"@type\":\"WebPage\",\"@id\":\"https:\/\/ezyy.ca\/\",\"url\":\"https:\/\/ezyy.ca\/\",\"name\":\"Ezyy - Free eCommerce - eCommerce Gratuit\",\"isPartOf\":{\"@id\":\"https:\/\/ezyy.ca\/#website\"},\"primaryImageOfPage\":{\"@id\":\"https:\/\/ezyy.ca\/#primaryimage\"},\"image\":{\"@id\":\"https:\/\/ezyy.ca\/#primaryimage\"},\"thumbnailUrl\":\"https:\/\/ezyy.ca\/wp-content\/uploads\/2025\/05\/ezyy-free-ecommerce-app.webp\",\"datePublished\":\"2023-12-18T00:35:57+00:00\",\"dateModified\":\"2025-07-07T17:23:55+00:00\",\"description\":\"A free ecommerce solution to manage your online store. Une solution gratuite pour g\u00e9rer votre commerce en ligne.\",\"breadcrumb\":{\"@id\":\"https:\/\/ezyy.ca\/#breadcrumb\"},\"inLanguage\":\"fr-CA\",\"potentialAction\":[{\"@type\":\"ReadAction\",\"target\":[\"https:\/\/ezyy.ca\/\"]}]},{\"@type\":\"ImageObject\",\"inLanguage\":\"fr-CA\",\"@id\":\"https:\/\/ezyy.ca\/#primaryimage\",\"url\":\"https:\/\/ezyy.ca\/wp-content\/uploads\/2025\/05\/ezyy-free-ecommerce-app.webp\",\"contentUrl\":\"https:\/\/ezyy.ca\/wp-content\/uploads\/2025\/05\/ezyy-free-ecommerce-app.webp\"},{\"@type\":\"BreadcrumbList\",\"@id\":\"https:\/\/ezyy.ca\/#breadcrumb\",\"itemListElement\":[{\"@type\":\"ListItem\",\"position\":1,\"name\":\"Home\",\"item\":\"https:\/\/ezyy.ca\/\"},{\"@type\":\"ListItem\",\"position\":2,\"name\":\"Home\"}]},{\"@type\":\"WebSite\",\"@id\":\"https:\/\/ezyy.ca\/#website\",\"url\":\"https:\/\/ezyy.ca\/\",\"name\":\"Free eCommerce - eCommerce Gratuit\",\"description\":\"Free Solutions - Solutions Gratuite\",\"publisher\":{\"@id\":\"https:\/\/ezyy.ca\/#organization\"},\"potentialAction\":[{\"@type\":\"SearchAction\",\"target\":{\"@type\":\"EntryPoint\",\"urlTemplate\":\"https:\/\/ezyy.ca\/?s={search_term_string}\"},\"query-input\":{\"@type\":\"PropertyValueSpecification\",\"valueRequired\":true,\"valueName\":\"search_term_string\"}}],\"inLanguage\":\"fr-CA\"},{\"@type\":\"Organization\",\"@id\":\"https:\/\/ezyy.ca\/#organization\",\"name\":\"Free eCommerce - eCommerce Gratuit\",\"url\":\"https:\/\/ezyy.ca\/\",\"logo\":{\"@type\":\"ImageObject\",\"inLanguage\":\"fr-CA\",\"@id\":\"https:\/\/ezyy.ca\/#\/schema\/logo\/image\/\",\"url\":\"https:\/\/ezyy.ca\/wp-content\/uploads\/2025\/06\/Ezzy-logo-final-files-01.webp\",\"contentUrl\":\"https:\/\/ezyy.ca\/wp-content\/uploads\/2025\/06\/Ezzy-logo-final-files-01.webp\",\"width\":1920,\"height\":1920,\"caption\":\"Free eCommerce - eCommerce Gratuit\"},\"image\":{\"@id\":\"https:\/\/ezyy.ca\/#\/schema\/logo\/image\/\"}}]}<\/script>\n<!-- \/ Yoast SEO plugin. -->","yoast_head_json":{"title":"Ezyy - eCommerce gratuit - eCommerce Gratuit","description":"Une solution de commerce \u00e9lectronique gratuite pour g\u00e9rer votre boutique en ligne. Une solution gratuite pour g\u00e9rer votre commerce en ligne.","robots":{"index":"index","follow":"follow","max-snippet":"max-snippet:-1","max-image-preview":"max-image-preview:large","max-video-preview":"max-video-preview:-1"},"canonical":"https:\/\/ezyy.ca\/fr\/","og_locale":"fr_CA","og_type":"article","og_title":"Ezyy - Free eCommerce - eCommerce Gratuit","og_description":"A free ecommerce solution to manage your online store. Une solution gratuite pour g\u00e9rer votre commerce en ligne.","og_url":"https:\/\/ezyy.ca\/fr\/","og_site_name":"Free eCommerce - eCommerce Gratuit","article_modified_time":"2025-07-07T17:23:55+00:00","og_image":[{"width":1178,"height":1238,"url":"https:\/\/ezyy.ca\/wp-content\/uploads\/2025\/05\/ezyy-free-ecommerce-app.webp","type":"image\/webp"}],"twitter_card":"summary_large_image","twitter_misc":{"Estimation du temps de lecture":"2 minutes"},"schema":{"@context":"https:\/\/schema.org","@graph":[{"@type":"WebPage","@id":"https:\/\/ezyy.ca\/","url":"https:\/\/ezyy.ca\/","name":"Ezyy - eCommerce gratuit - eCommerce Gratuit","isPartOf":{"@id":"https:\/\/ezyy.ca\/#website"},"primaryImageOfPage":{"@id":"https:\/\/ezyy.ca\/#primaryimage"},"image":{"@id":"https:\/\/ezyy.ca\/#primaryimage"},"thumbnailUrl":"https:\/\/ezyy.ca\/wp-content\/uploads\/2025\/05\/ezyy-free-ecommerce-app.webp","datePublished":"2023-12-18T00:35:57+00:00","dateModified":"2025-07-07T17:23:55+00:00","description":"Une solution de commerce \u00e9lectronique gratuite pour g\u00e9rer votre boutique en ligne. Une solution gratuite pour g\u00e9rer votre commerce en ligne.","breadcrumb":{"@id":"https:\/\/ezyy.ca\/#breadcrumb"},"inLanguage":"fr-CA","potentialAction":[{"@type":"ReadAction","target":["https:\/\/ezyy.ca\/"]}]},{"@type":"ImageObject","inLanguage":"fr-CA","@id":"https:\/\/ezyy.ca\/#primaryimage","url":"https:\/\/ezyy.ca\/wp-content\/uploads\/2025\/05\/ezyy-free-ecommerce-app.webp","contentUrl":"https:\/\/ezyy.ca\/wp-content\/uploads\/2025\/05\/ezyy-free-ecommerce-app.webp"},{"@type":"BreadcrumbList","@id":"https:\/\/ezyy.ca\/#breadcrumb","itemListElement":[{"@type":"ListItem","position":1,"name":"Home","item":"https:\/\/ezyy.ca\/"},{"@type":"ListItem","position":2,"name":"Home"}]},{"@type":"WebSite","@id":"https:\/\/ezyy.ca\/#website","url":"https:\/\/ezyy.ca\/","name":"Commerce \u00e9lectronique gratuit - eCommerce Gratuit","description":"Solutions Gratuites - Solutions Gratuites","publisher":{"@id":"https:\/\/ezyy.ca\/#organization"},"potentialAction":[{"@type":"SearchAction","target":{"@type":"EntryPoint","urlTemplate":"https:\/\/ezyy.ca\/?s={search_term_string}"},"query-input":{"@type":"PropertyValueSpecification","valueRequired":true,"valueName":"search_term_string"}}],"inLanguage":"fr-CA"},{"@type":"Organization","@id":"https:\/\/ezyy.ca\/#organization","name":"Commerce \u00e9lectronique gratuit - eCommerce Gratuit","url":"https:\/\/ezyy.ca\/","logo":{"@type":"ImageObject","inLanguage":"fr-CA","@id":"https:\/\/ezyy.ca\/#\/schema\/logo\/image\/","url":"https:\/\/ezyy.ca\/wp-content\/uploads\/2025\/06\/Ezzy-logo-final-files-01.webp","contentUrl":"https:\/\/ezyy.ca\/wp-content\/uploads\/2025\/06\/Ezzy-logo-final-files-01.webp","width":1920,"height":1920,"caption":"Free eCommerce - eCommerce Gratuit"},"image":{"@id":"https:\/\/ezyy.ca\/#\/schema\/logo\/image\/"}}]}},"_links":{"self":[{"href":"https:\/\/ezyy.ca\/fr\/wp-json\/wp\/v2\/pages\/7","targetHints":{"allow":["GET"]}}],"collection":[{"href":"https:\/\/ezyy.ca\/fr\/wp-json\/wp\/v2\/pages"}],"about":[{"href":"https:\/\/ezyy.ca\/fr\/wp-json\/wp\/v2\/types\/page"}],"author":[{"embeddable":true,"href":"https:\/\/ezyy.ca\/fr\/wp-json\/wp\/v2\/users\/1"}],"replies":[{"embeddable":true,"href":"https:\/\/ezyy.ca\/fr\/wp-json\/wp\/v2\/comments?post=7"}],"version-history":[{"count":49,"href":"https:\/\/ezyy.ca\/fr\/wp-json\/wp\/v2\/pages\/7\/revisions"}],"predecessor-version":[{"id":544,"href":"https:\/\/ezyy.ca\/fr\/wp-json\/wp\/v2\/pages\/7\/revisions\/544"}],"wp:attachment":[{"href":"https:\/\/ezyy.ca\/fr\/wp-json\/wp\/v2\/media?parent=7"}],"curies":[{"name":"wp","href":"https:\/\/api.w.org\/{rel}","templated":true}]}}