{"id":373,"date":"2025-05-20T16:10:16","date_gmt":"2025-05-20T20:10:16","guid":{"rendered":"https:\/\/ezyy.ca\/?page_id=373"},"modified":"2025-08-12T22:10:58","modified_gmt":"2025-08-13T02:10:58","slug":"data-compliance-privacy","status":"publish","type":"page","link":"https:\/\/ezyy.ca\/fr\/data-compliance-privacy\/","title":{"rendered":"Conformit\u00e9 et confidentialit\u00e9 des donn\u00e9es"},"content":{"rendered":"<div data-elementor-type=\"wp-page\" data-elementor-id=\"373\" class=\"elementor elementor-373\" data-elementor-post-type=\"page\">\n\t\t\t\t<div class=\"elementor-element elementor-element-97f5294 e-flex e-con-boxed e-con e-parent\" data-id=\"97f5294\" data-element_type=\"container\">\n\t\t\t\t\t<div class=\"e-con-inner\">\n\t\t\t\t<div class=\"elementor-element elementor-element-7d22422 elementor-widget elementor-widget-heading\" data-id=\"7d22422\" data-element_type=\"widget\" data-widget_type=\"heading.default\">\n\t\t\t\t<div class=\"elementor-widget-container\">\n\t\t\t\t\t<h2 class=\"elementor-heading-title elementor-size-default\">Nous travaillons dur en coulisses pour finaliser nos politiques de conformit\u00e9 et de confidentialit\u00e9 des donn\u00e9es, et nous avons h\u00e2te de les partager avec vous bient\u00f4t\u00a0!<\/h2>\t\t\t\t<\/div>\n\t\t\t\t<\/div>\n\t\t\t\t\t<\/div>\n\t\t\t\t<\/div>\n\t\t\t\t<\/div>","protected":false},"excerpt":{"rendered":"<p>Nous travaillons dur en coulisses pour finaliser nos politiques de conformit\u00e9 et de confidentialit\u00e9 des donn\u00e9es, et nous avons h\u00e2te de les partager avec vous bient\u00f4t\u00a0!<\/p>","protected":false},"author":1,"featured_media":0,"parent":0,"menu_order":0,"comment_status":"closed","ping_status":"closed","template":"","meta":{"footnotes":""},"class_list":["post-373","page","type-page","status-publish","hentry"],"blocksy_meta":[],"yoast_head":"<!-- This site is optimized with the Yoast SEO plugin v26.5 - https:\/\/yoast.com\/wordpress\/plugins\/seo\/ -->\n<title>Data Compliance &amp; Privacy - Free eCommerce - eCommerce Gratuit<\/title>\n<meta name=\"robots\" content=\"index, follow, max-snippet:-1, max-image-preview:large, max-video-preview:-1\" \/>\n<link rel=\"canonical\" href=\"https:\/\/ezyy.ca\/fr\/data-compliance-privacy\/\" \/>\n<meta property=\"og:locale\" content=\"fr_CA\" \/>\n<meta property=\"og:type\" content=\"article\" \/>\n<meta property=\"og:title\" content=\"Data Compliance &amp; Privacy - Free eCommerce - eCommerce Gratuit\" \/>\n<meta property=\"og:description\" content=\"We\u2019re working hard behind the scenes to finalize our Data Compliance &amp; Privacy policies, and we can\u2019t wait to share them with you soon!\" \/>\n<meta property=\"og:url\" content=\"https:\/\/ezyy.ca\/fr\/data-compliance-privacy\/\" \/>\n<meta property=\"og:site_name\" content=\"Free eCommerce - eCommerce Gratuit\" \/>\n<meta property=\"article:modified_time\" content=\"2025-08-13T02:10:58+00:00\" \/>\n<meta name=\"twitter:card\" content=\"summary_large_image\" \/>\n<meta name=\"twitter:label1\" content=\"Estimation du temps de lecture\" \/>\n\t<meta name=\"twitter:data1\" content=\"1 minute\" \/>\n<script type=\"application\/ld+json\" class=\"yoast-schema-graph\">{\"@context\":\"https:\/\/schema.org\",\"@graph\":[{\"@type\":\"WebPage\",\"@id\":\"https:\/\/ezyy.ca\/data-compliance-privacy\/\",\"url\":\"https:\/\/ezyy.ca\/data-compliance-privacy\/\",\"name\":\"Data Compliance &amp; Privacy - Free eCommerce - eCommerce Gratuit\",\"isPartOf\":{\"@id\":\"https:\/\/ezyy.ca\/#website\"},\"datePublished\":\"2025-05-20T20:10:16+00:00\",\"dateModified\":\"2025-08-13T02:10:58+00:00\",\"breadcrumb\":{\"@id\":\"https:\/\/ezyy.ca\/data-compliance-privacy\/#breadcrumb\"},\"inLanguage\":\"fr-CA\",\"potentialAction\":[{\"@type\":\"ReadAction\",\"target\":[\"https:\/\/ezyy.ca\/data-compliance-privacy\/\"]}]},{\"@type\":\"BreadcrumbList\",\"@id\":\"https:\/\/ezyy.ca\/data-compliance-privacy\/#breadcrumb\",\"itemListElement\":[{\"@type\":\"ListItem\",\"position\":1,\"name\":\"Home\",\"item\":\"https:\/\/ezyy.ca\/\"},{\"@type\":\"ListItem\",\"position\":2,\"name\":\"Data Compliance &amp; Privacy\"}]},{\"@type\":\"WebSite\",\"@id\":\"https:\/\/ezyy.ca\/#website\",\"url\":\"https:\/\/ezyy.ca\/\",\"name\":\"Free eCommerce - eCommerce Gratuit\",\"description\":\"Free Solutions - Solutions Gratuite\",\"publisher\":{\"@id\":\"https:\/\/ezyy.ca\/#organization\"},\"potentialAction\":[{\"@type\":\"SearchAction\",\"target\":{\"@type\":\"EntryPoint\",\"urlTemplate\":\"https:\/\/ezyy.ca\/?s={search_term_string}\"},\"query-input\":{\"@type\":\"PropertyValueSpecification\",\"valueRequired\":true,\"valueName\":\"search_term_string\"}}],\"inLanguage\":\"fr-CA\"},{\"@type\":\"Organization\",\"@id\":\"https:\/\/ezyy.ca\/#organization\",\"name\":\"Free eCommerce - eCommerce Gratuit\",\"url\":\"https:\/\/ezyy.ca\/\",\"logo\":{\"@type\":\"ImageObject\",\"inLanguage\":\"fr-CA\",\"@id\":\"https:\/\/ezyy.ca\/#\/schema\/logo\/image\/\",\"url\":\"https:\/\/ezyy.ca\/wp-content\/uploads\/2025\/06\/Ezzy-logo-final-files-01.webp\",\"contentUrl\":\"https:\/\/ezyy.ca\/wp-content\/uploads\/2025\/06\/Ezzy-logo-final-files-01.webp\",\"width\":1920,\"height\":1920,\"caption\":\"Free eCommerce - eCommerce Gratuit\"},\"image\":{\"@id\":\"https:\/\/ezyy.ca\/#\/schema\/logo\/image\/\"}}]}<\/script>\n<!-- \/ Yoast SEO plugin. -->","yoast_head_json":{"title":"Conformit\u00e9 et confidentialit\u00e9 des donn\u00e9es - E-commerce gratuit","robots":{"index":"index","follow":"follow","max-snippet":"max-snippet:-1","max-image-preview":"max-image-preview:large","max-video-preview":"max-video-preview:-1"},"canonical":"https:\/\/ezyy.ca\/fr\/data-compliance-privacy\/","og_locale":"fr_CA","og_type":"article","og_title":"Data Compliance &amp; Privacy - Free eCommerce - eCommerce Gratuit","og_description":"We\u2019re working hard behind the scenes to finalize our Data Compliance &amp; Privacy policies, and we can\u2019t wait to share them with you soon!","og_url":"https:\/\/ezyy.ca\/fr\/data-compliance-privacy\/","og_site_name":"Free eCommerce - eCommerce Gratuit","article_modified_time":"2025-08-13T02:10:58+00:00","twitter_card":"summary_large_image","twitter_misc":{"Estimation du temps de lecture":"1 minute"},"schema":{"@context":"https:\/\/schema.org","@graph":[{"@type":"WebPage","@id":"https:\/\/ezyy.ca\/data-compliance-privacy\/","url":"https:\/\/ezyy.ca\/data-compliance-privacy\/","name":"Conformit\u00e9 et confidentialit\u00e9 des donn\u00e9es - E-commerce gratuit","isPartOf":{"@id":"https:\/\/ezyy.ca\/#website"},"datePublished":"2025-05-20T20:10:16+00:00","dateModified":"2025-08-13T02:10:58+00:00","breadcrumb":{"@id":"https:\/\/ezyy.ca\/data-compliance-privacy\/#breadcrumb"},"inLanguage":"fr-CA","potentialAction":[{"@type":"ReadAction","target":["https:\/\/ezyy.ca\/data-compliance-privacy\/"]}]},{"@type":"BreadcrumbList","@id":"https:\/\/ezyy.ca\/data-compliance-privacy\/#breadcrumb","itemListElement":[{"@type":"ListItem","position":1,"name":"Home","item":"https:\/\/ezyy.ca\/"},{"@type":"ListItem","position":2,"name":"Data Compliance &amp; Privacy"}]},{"@type":"WebSite","@id":"https:\/\/ezyy.ca\/#website","url":"https:\/\/ezyy.ca\/","name":"Commerce \u00e9lectronique gratuit - eCommerce Gratuit","description":"Solutions Gratuites - Solutions Gratuites","publisher":{"@id":"https:\/\/ezyy.ca\/#organization"},"potentialAction":[{"@type":"SearchAction","target":{"@type":"EntryPoint","urlTemplate":"https:\/\/ezyy.ca\/?s={search_term_string}"},"query-input":{"@type":"PropertyValueSpecification","valueRequired":true,"valueName":"search_term_string"}}],"inLanguage":"fr-CA"},{"@type":"Organization","@id":"https:\/\/ezyy.ca\/#organization","name":"Commerce \u00e9lectronique gratuit - eCommerce Gratuit","url":"https:\/\/ezyy.ca\/","logo":{"@type":"ImageObject","inLanguage":"fr-CA","@id":"https:\/\/ezyy.ca\/#\/schema\/logo\/image\/","url":"https:\/\/ezyy.ca\/wp-content\/uploads\/2025\/06\/Ezzy-logo-final-files-01.webp","contentUrl":"https:\/\/ezyy.ca\/wp-content\/uploads\/2025\/06\/Ezzy-logo-final-files-01.webp","width":1920,"height":1920,"caption":"Free eCommerce - eCommerce Gratuit"},"image":{"@id":"https:\/\/ezyy.ca\/#\/schema\/logo\/image\/"}}]}},"_links":{"self":[{"href":"https:\/\/ezyy.ca\/fr\/wp-json\/wp\/v2\/pages\/373","targetHints":{"allow":["GET"]}}],"collection":[{"href":"https:\/\/ezyy.ca\/fr\/wp-json\/wp\/v2\/pages"}],"about":[{"href":"https:\/\/ezyy.ca\/fr\/wp-json\/wp\/v2\/types\/page"}],"author":[{"embeddable":true,"href":"https:\/\/ezyy.ca\/fr\/wp-json\/wp\/v2\/users\/1"}],"replies":[{"embeddable":true,"href":"https:\/\/ezyy.ca\/fr\/wp-json\/wp\/v2\/comments?post=373"}],"version-history":[{"count":4,"href":"https:\/\/ezyy.ca\/fr\/wp-json\/wp\/v2\/pages\/373\/revisions"}],"predecessor-version":[{"id":597,"href":"https:\/\/ezyy.ca\/fr\/wp-json\/wp\/v2\/pages\/373\/revisions\/597"}],"wp:attachment":[{"href":"https:\/\/ezyy.ca\/fr\/wp-json\/wp\/v2\/media?parent=373"}],"curies":[{"name":"wp","href":"https:\/\/api.w.org\/{rel}","templated":true}]}}