{"id":277,"date":"2025-04-24T21:51:00","date_gmt":"2025-04-25T01:51:00","guid":{"rendered":"https:\/\/ezyy.ca\/?page_id=277"},"modified":"2025-05-20T15:03:55","modified_gmt":"2025-05-20T19:03:55","slug":"fees","status":"publish","type":"page","link":"https:\/\/ezyy.ca\/fr\/ezyy-payment\/fees\/","title":{"rendered":"Paiement Ezyy - Frais"},"content":{"rendered":"<div data-elementor-type=\"wp-page\" data-elementor-id=\"277\" class=\"elementor elementor-277\" data-elementor-post-type=\"page\">\n\t\t\t\t<div class=\"elementor-element elementor-element-59681193 e-flex e-con-boxed e-con e-parent\" data-id=\"59681193\" data-element_type=\"container\">\n\t\t\t\t\t<div class=\"e-con-inner\">\n\t\t\t\t<div class=\"elementor-element elementor-element-583d5bc5 elementor-widget elementor-widget-text-editor\" data-id=\"583d5bc5\" data-element_type=\"widget\" data-widget_type=\"text-editor.default\">\n\t\t\t\t<div class=\"elementor-widget-container\">\n\t\t\t\t\t\t\t\t\t\n<p class=\"has-text-align-left\">Afin de garantir la s\u00e9curit\u00e9 et l'efficacit\u00e9 des transactions trait\u00e9es via notre plateforme, des frais de transaction seront appliqu\u00e9s. Ces frais sont d\u00e9taill\u00e9s ci-dessous afin que vous soyez pleinement inform\u00e9(e) des co\u00fbts associ\u00e9s \u00e0 l'utilisation de notre syst\u00e8me de paiement.<\/p>\n\n<h2 class=\"wp-block-heading\">Frais standards<\/h2>\n\n<h3 class=\"wp-block-heading\">Frais de base par transaction r\u00e9ussie :<\/h3>\n\n<p>Un frais de <strong>6.9% + $0.30 <\/strong>sera factur\u00e9 sur chaque transaction r\u00e9ussie trait\u00e9e par notre plateforme. Cela inclut les paiements effectu\u00e9s par carte de cr\u00e9dit Visa et Mastercard, ainsi que par des services de paiement compatibles tels qu\u2019Apple Pay et Google Pay, lorsqu'ils sont li\u00e9s \u00e0 une carte Visa ou Mastercard.<\/p>\n\n<h3 class=\"wp-block-heading\">Frais pour les cartes internationales :<\/h3>\n\n<p>Dans le cas o\u00f9 un paiement est effectu\u00e9 \u00e0 l'aide d'une carte bancaire internationale, <strong>un frais suppl\u00e9mentaire de 1.6%<\/strong> du montant total de la transaction sera appliqu\u00e9.<\/p>\n\n<h3 class=\"wp-block-heading\">Frais de conversion de devise :<\/h3>\n\n<p>Si une conversion de devise est requise (par exemple, si le paiement est effectu\u00e9 dans une devise diff\u00e9rente de celle de votre compte), un <strong>un frais suppl\u00e9mentaire de 1.6%<\/strong> du montant total de la transaction sera appliqu\u00e9.<br \/>Ces frais sont automatiquement d\u00e9duits du montant de la transaction par la plateforme au moment du traitement du paiement.<\/p>\n\n<h3 class=\"wp-block-heading\">Remboursements<\/h3>\n\n<p>Une grande partie des co\u00fbts associ\u00e9s aux frais de traitement des paiements provient des frais impos\u00e9s par les banques et les r\u00e9seaux de paiement, tels que Visa et Mastercard. Ces r\u00e9seaux d\u00e9finissent leurs propres r\u00e8gles concernant les frais applicables en cas de paiements rembours\u00e9s.<\/p>\n\n<p><br \/>En r\u00e8gle g\u00e9n\u00e9rale, les banques et les r\u00e9seaux de cartes conservent l'int\u00e9gralit\u00e9 des frais de transaction lorsqu'un remboursement est effectu\u00e9. De plus, dans certaines r\u00e9gions ou pour certains types de paiements, des frais suppl\u00e9mentaires peuvent \u00eatre g\u00e9n\u00e9r\u00e9s lors de remboursements.<\/p>\n\n<p><br \/>Chez Ezyy, nous avons pour objectif de maintenir des tarifs simples et transparents. Nos frais couvrent des fonctionnalit\u00e9s essentielles telles que la protection contre la fraude, les outils de reporting et d'autres services de gestion des paiements. Par cons\u00e9quent, les frais de transaction ne sont pas rembours\u00e9s en cas de remboursement.<\/p>\n\n<h3 class=\"wp-block-heading\">D\u00e9lais et modalit\u00e9s de versement<\/h3>\n\n<p>Les paiements seront effectu\u00e9s dans un d\u00e9lai maximal de <strong>7 jours ouvrables<\/strong> suivant la transaction.<br \/>Une option d\u2019acc\u00e9l\u00e9ration de versement est disponible sur demande, moyennant des frais additionnels. Cette option permet de recevoir les fonds plus rapidement, sous <strong>1 \u00e0 2 jours ouvrables<\/strong>selon les cas<\/p>\n\n<p><br \/>Nous acceptons uniquement les paiements effectu\u00e9s par carte Visa et Mastercard, incluant leur utilisation via Apple Pay et Google Pay.<\/p>\n\n<p>Soucieuse d\u2019offrir un service simple, efficace et transparent, la plateforme Ezyy s\u2019engage \u00e0 vous informer clairement sur les frais applicables et \u00e0 maintenir des standards \u00e9lev\u00e9s en mati\u00e8re de gestion des paiements.<\/p>\n\t\t\t\t\t\t\t\t<\/div>\n\t\t\t\t<\/div>\n\t\t\t\t\t<\/div>\n\t\t\t\t<\/div>\n\t\t\t\t<\/div>","protected":false},"excerpt":{"rendered":"<p>To ensure the security and efficiency of transactions processed through our platform, transaction fees will be applied. These fees are detailed below to fully inform you of the costs associated with using our payment system. Standard Fees Base fee per successful transaction: A fee of 6.9% + $0.30 will be charged on each successful transaction [&hellip;]<\/p>","protected":false},"author":1,"featured_media":170,"parent":274,"menu_order":0,"comment_status":"closed","ping_status":"closed","template":"elementor_theme","meta":{"footnotes":""},"class_list":["post-277","page","type-page","status-publish","has-post-thumbnail","hentry"],"blocksy_meta":[],"yoast_head":"<!-- This site is optimized with the Yoast SEO plugin v26.5 - https:\/\/yoast.com\/wordpress\/plugins\/seo\/ -->\n<title>Ezyy Payment - Fees - Free eCommerce - eCommerce Gratuit<\/title>\n<meta name=\"robots\" content=\"index, follow, max-snippet:-1, max-image-preview:large, max-video-preview:-1\" \/>\n<link rel=\"canonical\" href=\"https:\/\/ezyy.ca\/fr\/ezyy-payment\/fees\/\" \/>\n<meta property=\"og:locale\" content=\"fr_CA\" \/>\n<meta property=\"og:type\" content=\"article\" \/>\n<meta property=\"og:title\" content=\"Ezyy Payment - Fees - Free eCommerce - eCommerce Gratuit\" \/>\n<meta property=\"og:description\" content=\"To ensure the security and efficiency of transactions processed through our platform, transaction fees will be applied. These fees are detailed below to fully inform you of the costs associated with using our payment system. Standard Fees Base fee per successful transaction: A fee of 6.9% + $0.30 will be charged on each successful transaction [&hellip;]\" \/>\n<meta property=\"og:url\" content=\"https:\/\/ezyy.ca\/fr\/ezyy-payment\/fees\/\" \/>\n<meta property=\"og:site_name\" content=\"Free eCommerce - eCommerce Gratuit\" \/>\n<meta property=\"article:modified_time\" content=\"2025-05-20T19:03:55+00:00\" \/>\n<meta property=\"og:image\" content=\"https:\/\/ezyy.ca\/wp-content\/uploads\/2024\/01\/ezyy-jumpstart-online-scaled-1.webp\" \/>\n\t<meta property=\"og:image:width\" content=\"1920\" \/>\n\t<meta property=\"og:image:height\" content=\"1246\" \/>\n\t<meta property=\"og:image:type\" content=\"image\/webp\" \/>\n<meta name=\"twitter:card\" content=\"summary_large_image\" \/>\n<meta name=\"twitter:label1\" content=\"Estimation du temps de lecture\" \/>\n\t<meta name=\"twitter:data1\" content=\"2 minutes\" \/>\n<script type=\"application\/ld+json\" class=\"yoast-schema-graph\">{\"@context\":\"https:\/\/schema.org\",\"@graph\":[{\"@type\":\"WebPage\",\"@id\":\"https:\/\/ezyy.ca\/fr\/ezyy-payment\/fees\/\",\"url\":\"https:\/\/ezyy.ca\/fr\/ezyy-payment\/fees\/\",\"name\":\"Ezyy Payment - Fees - Free eCommerce - eCommerce Gratuit\",\"isPartOf\":{\"@id\":\"https:\/\/ezyy.ca\/#website\"},\"primaryImageOfPage\":{\"@id\":\"https:\/\/ezyy.ca\/fr\/ezyy-payment\/fees\/#primaryimage\"},\"image\":{\"@id\":\"https:\/\/ezyy.ca\/fr\/ezyy-payment\/fees\/#primaryimage\"},\"thumbnailUrl\":\"https:\/\/ezyy.ca\/wp-content\/uploads\/2024\/01\/ezyy-jumpstart-online-scaled-1.webp\",\"datePublished\":\"2025-04-25T01:51:00+00:00\",\"dateModified\":\"2025-05-20T19:03:55+00:00\",\"breadcrumb\":{\"@id\":\"https:\/\/ezyy.ca\/fr\/ezyy-payment\/fees\/#breadcrumb\"},\"inLanguage\":\"fr-CA\",\"potentialAction\":[{\"@type\":\"ReadAction\",\"target\":[\"https:\/\/ezyy.ca\/fr\/ezyy-payment\/fees\/\"]}]},{\"@type\":\"ImageObject\",\"inLanguage\":\"fr-CA\",\"@id\":\"https:\/\/ezyy.ca\/fr\/ezyy-payment\/fees\/#primaryimage\",\"url\":\"https:\/\/ezyy.ca\/wp-content\/uploads\/2024\/01\/ezyy-jumpstart-online-scaled-1.webp\",\"contentUrl\":\"https:\/\/ezyy.ca\/wp-content\/uploads\/2024\/01\/ezyy-jumpstart-online-scaled-1.webp\",\"width\":1920,\"height\":1246},{\"@type\":\"BreadcrumbList\",\"@id\":\"https:\/\/ezyy.ca\/fr\/ezyy-payment\/fees\/#breadcrumb\",\"itemListElement\":[{\"@type\":\"ListItem\",\"position\":1,\"name\":\"Home\",\"item\":\"https:\/\/ezyy.ca\/\"},{\"@type\":\"ListItem\",\"position\":2,\"name\":\"Ezyy Payment\",\"item\":\"https:\/\/ezyy.ca\/fr\/ezyy-payment\/\"},{\"@type\":\"ListItem\",\"position\":3,\"name\":\"Ezyy Payment &#8211; Fees\"}]},{\"@type\":\"WebSite\",\"@id\":\"https:\/\/ezyy.ca\/#website\",\"url\":\"https:\/\/ezyy.ca\/\",\"name\":\"Free eCommerce - eCommerce Gratuit\",\"description\":\"Free Solutions - Solutions Gratuite\",\"publisher\":{\"@id\":\"https:\/\/ezyy.ca\/#organization\"},\"potentialAction\":[{\"@type\":\"SearchAction\",\"target\":{\"@type\":\"EntryPoint\",\"urlTemplate\":\"https:\/\/ezyy.ca\/?s={search_term_string}\"},\"query-input\":{\"@type\":\"PropertyValueSpecification\",\"valueRequired\":true,\"valueName\":\"search_term_string\"}}],\"inLanguage\":\"fr-CA\"},{\"@type\":\"Organization\",\"@id\":\"https:\/\/ezyy.ca\/#organization\",\"name\":\"Free eCommerce - eCommerce Gratuit\",\"url\":\"https:\/\/ezyy.ca\/\",\"logo\":{\"@type\":\"ImageObject\",\"inLanguage\":\"fr-CA\",\"@id\":\"https:\/\/ezyy.ca\/#\/schema\/logo\/image\/\",\"url\":\"https:\/\/ezyy.ca\/wp-content\/uploads\/2025\/06\/Ezzy-logo-final-files-01.webp\",\"contentUrl\":\"https:\/\/ezyy.ca\/wp-content\/uploads\/2025\/06\/Ezzy-logo-final-files-01.webp\",\"width\":1920,\"height\":1920,\"caption\":\"Free eCommerce - eCommerce Gratuit\"},\"image\":{\"@id\":\"https:\/\/ezyy.ca\/#\/schema\/logo\/image\/\"}}]}<\/script>\n<!-- \/ Yoast SEO plugin. -->","yoast_head_json":{"title":"Ezyy Payment - Fees - Free eCommerce - eCommerce Gratuit","robots":{"index":"index","follow":"follow","max-snippet":"max-snippet:-1","max-image-preview":"max-image-preview:large","max-video-preview":"max-video-preview:-1"},"canonical":"https:\/\/ezyy.ca\/fr\/ezyy-payment\/fees\/","og_locale":"fr_CA","og_type":"article","og_title":"Ezyy Payment - Fees - Free eCommerce - eCommerce Gratuit","og_description":"To ensure the security and efficiency of transactions processed through our platform, transaction fees will be applied. These fees are detailed below to fully inform you of the costs associated with using our payment system. Standard Fees Base fee per successful transaction: A fee of 6.9% + $0.30 will be charged on each successful transaction [&hellip;]","og_url":"https:\/\/ezyy.ca\/fr\/ezyy-payment\/fees\/","og_site_name":"Free eCommerce - eCommerce Gratuit","article_modified_time":"2025-05-20T19:03:55+00:00","og_image":[{"width":1920,"height":1246,"url":"https:\/\/ezyy.ca\/wp-content\/uploads\/2024\/01\/ezyy-jumpstart-online-scaled-1.webp","type":"image\/webp"}],"twitter_card":"summary_large_image","twitter_misc":{"Estimation du temps de lecture":"2 minutes"},"schema":{"@context":"https:\/\/schema.org","@graph":[{"@type":"WebPage","@id":"https:\/\/ezyy.ca\/fr\/ezyy-payment\/fees\/","url":"https:\/\/ezyy.ca\/fr\/ezyy-payment\/fees\/","name":"Ezyy Payment - Fees - Free eCommerce - eCommerce Gratuit","isPartOf":{"@id":"https:\/\/ezyy.ca\/#website"},"primaryImageOfPage":{"@id":"https:\/\/ezyy.ca\/fr\/ezyy-payment\/fees\/#primaryimage"},"image":{"@id":"https:\/\/ezyy.ca\/fr\/ezyy-payment\/fees\/#primaryimage"},"thumbnailUrl":"https:\/\/ezyy.ca\/wp-content\/uploads\/2024\/01\/ezyy-jumpstart-online-scaled-1.webp","datePublished":"2025-04-25T01:51:00+00:00","dateModified":"2025-05-20T19:03:55+00:00","breadcrumb":{"@id":"https:\/\/ezyy.ca\/fr\/ezyy-payment\/fees\/#breadcrumb"},"inLanguage":"fr-CA","potentialAction":[{"@type":"ReadAction","target":["https:\/\/ezyy.ca\/fr\/ezyy-payment\/fees\/"]}]},{"@type":"ImageObject","inLanguage":"fr-CA","@id":"https:\/\/ezyy.ca\/fr\/ezyy-payment\/fees\/#primaryimage","url":"https:\/\/ezyy.ca\/wp-content\/uploads\/2024\/01\/ezyy-jumpstart-online-scaled-1.webp","contentUrl":"https:\/\/ezyy.ca\/wp-content\/uploads\/2024\/01\/ezyy-jumpstart-online-scaled-1.webp","width":1920,"height":1246},{"@type":"BreadcrumbList","@id":"https:\/\/ezyy.ca\/fr\/ezyy-payment\/fees\/#breadcrumb","itemListElement":[{"@type":"ListItem","position":1,"name":"Home","item":"https:\/\/ezyy.ca\/"},{"@type":"ListItem","position":2,"name":"Ezyy Payment","item":"https:\/\/ezyy.ca\/fr\/ezyy-payment\/"},{"@type":"ListItem","position":3,"name":"Ezyy Payment &#8211; Fees"}]},{"@type":"WebSite","@id":"https:\/\/ezyy.ca\/#website","url":"https:\/\/ezyy.ca\/","name":"Commerce \u00e9lectronique gratuit - eCommerce Gratuit","description":"Solutions Gratuites - Solutions Gratuites","publisher":{"@id":"https:\/\/ezyy.ca\/#organization"},"potentialAction":[{"@type":"SearchAction","target":{"@type":"EntryPoint","urlTemplate":"https:\/\/ezyy.ca\/?s={search_term_string}"},"query-input":{"@type":"PropertyValueSpecification","valueRequired":true,"valueName":"search_term_string"}}],"inLanguage":"fr-CA"},{"@type":"Organization","@id":"https:\/\/ezyy.ca\/#organization","name":"Commerce \u00e9lectronique gratuit - eCommerce Gratuit","url":"https:\/\/ezyy.ca\/","logo":{"@type":"ImageObject","inLanguage":"fr-CA","@id":"https:\/\/ezyy.ca\/#\/schema\/logo\/image\/","url":"https:\/\/ezyy.ca\/wp-content\/uploads\/2025\/06\/Ezzy-logo-final-files-01.webp","contentUrl":"https:\/\/ezyy.ca\/wp-content\/uploads\/2025\/06\/Ezzy-logo-final-files-01.webp","width":1920,"height":1920,"caption":"Free eCommerce - eCommerce Gratuit"},"image":{"@id":"https:\/\/ezyy.ca\/#\/schema\/logo\/image\/"}}]}},"_links":{"self":[{"href":"https:\/\/ezyy.ca\/fr\/wp-json\/wp\/v2\/pages\/277","targetHints":{"allow":["GET"]}}],"collection":[{"href":"https:\/\/ezyy.ca\/fr\/wp-json\/wp\/v2\/pages"}],"about":[{"href":"https:\/\/ezyy.ca\/fr\/wp-json\/wp\/v2\/types\/page"}],"author":[{"embeddable":true,"href":"https:\/\/ezyy.ca\/fr\/wp-json\/wp\/v2\/users\/1"}],"replies":[{"embeddable":true,"href":"https:\/\/ezyy.ca\/fr\/wp-json\/wp\/v2\/comments?post=277"}],"version-history":[{"count":19,"href":"https:\/\/ezyy.ca\/fr\/wp-json\/wp\/v2\/pages\/277\/revisions"}],"predecessor-version":[{"id":371,"href":"https:\/\/ezyy.ca\/fr\/wp-json\/wp\/v2\/pages\/277\/revisions\/371"}],"up":[{"embeddable":true,"href":"https:\/\/ezyy.ca\/fr\/wp-json\/wp\/v2\/pages\/274"}],"wp:featuredmedia":[{"embeddable":true,"href":"https:\/\/ezyy.ca\/fr\/wp-json\/wp\/v2\/media\/170"}],"wp:attachment":[{"href":"https:\/\/ezyy.ca\/fr\/wp-json\/wp\/v2\/media?parent=277"}],"curies":[{"name":"wp","href":"https:\/\/api.w.org\/{rel}","templated":true}]}}